{"id":596,"date":"2025-04-23T03:17:48","date_gmt":"2025-04-23T03:17:48","guid":{"rendered":"https:\/\/amauracomex.com\/?post_type=product&#038;p=596"},"modified":"2025-10-01T14:14:24","modified_gmt":"2025-10-01T14:14:24","slug":"tannat","status":"publish","type":"product","link":"https:\/\/amauracomex.com\/en\/product\/tannat\/","title":{"rendered":"Tannat"},"content":{"rendered":"<p><span class=\"relative -mx-px my-[-0.2rem] rounded px-px py-[0.2rem] transition-colors duration-100 ease-in-out\">El <strong data-start=\"3\" data-end=\"44\">Tannat Partida Limitada Luj\u00e1n de Cuyo<\/strong> de la bodega Veteris\u202fConventus es un vino tinto de alta gama elaborado en vi\u00f1edos centenarios (plantados en\u202f1885) en Luj\u00e1n de Cuyo, Mendoza. Las uvas Tannat son cultivadas con pr\u00e1cticas org\u00e1nicas, preservando gen\u00e9tica de centenarios y elevando la complejidad del vino. Tras una prolongada crianza en barrica, presenta una estructura robusta, taninos firmes y un perfil maduro que combina madurez de fruta, especias y madera ex\u00f3tica<\/span> <span class=\"\" data-state=\"closed\"><span class=\"ms-1 inline-flex max-w-full items-center relative top-[-0.094rem] animate-[show_150ms_ease-in]\"><a class=\"flex h-4.5 overflow-hidden rounded-xl px-2 text-[0.5625em] font-medium text-token-text-secondary! bg-[#F4F4F4]! dark:bg-[#303030]! transition-colors duration-150 ease-in-out\" href=\"https:\/\/www.nicolasorsini.com\/veteris-conventus\/?utm_source=chatgpt.com\" target=\"_blank\" rel=\"noopener\"><span class=\"relative start-0 bottom-0 flex h-full w-full items-center\"><span class=\"flex h-4 w-full items-center justify-between absolute\"><span class=\"max-w-full grow truncate overflow-hidden text-center\">es<\/span><\/span><\/span><\/a><\/span><\/span><\/p>","protected":false},"excerpt":{"rendered":"<p data-start=\"176\" data-end=\"213\"><span class=\"relative -mx-px my-[-0.2rem] rounded px-px py-[0.2rem] transition-colors duration-100 ease-in-out\">Tannat org\u00e1nico de vi\u00f1edos centenarios en Luj\u00e1n de Cuyo, estructurado, especiado y complejo.<\/span><\/p>","protected":false},"featured_media":320,"comment_status":"open","ping_status":"closed","template":"","meta":{"_joinchat":[]},"product_brand":[],"product_cat":[40],"product_tag":[],"categorias-de-vinos":[27,21],"class_list":{"0":"post-596","1":"product","2":"type-product","3":"status-publish","4":"has-post-thumbnail","6":"product_cat-veteris-conventus","7":"categorias-de-vinos-tannat","8":"categorias-de-vinos-veteris-conventus","10":"first","11":"instock","12":"taxable","13":"shipping-taxable","14":"purchasable","15":"product-type-variable"},"yoast_head":"<!-- This site is optimized with the Yoast SEO plugin v25.6 - https:\/\/yoast.com\/wordpress\/plugins\/seo\/ -->\n<title>Tannat - Amaura<\/title>\n<meta name=\"robots\" content=\"index, follow, max-snippet:-1, max-image-preview:large, max-video-preview:-1\" \/>\n<link rel=\"canonical\" href=\"https:\/\/amauracomex.com\/en\/product\/tannat\/\" \/>\n<meta property=\"og:locale\" content=\"en_US\" \/>\n<meta property=\"og:type\" content=\"article\" \/>\n<meta property=\"og:title\" content=\"Tannat - Amaura\" \/>\n<meta property=\"og:description\" content=\"Tannat org\u00e1nico de vi\u00f1edos centenarios en Luj\u00e1n de Cuyo, estructurado, especiado y complejo.\" \/>\n<meta property=\"og:url\" content=\"https:\/\/amauracomex.com\/en\/product\/tannat\/\" \/>\n<meta property=\"og:site_name\" content=\"Amaura\" \/>\n<meta property=\"article:modified_time\" content=\"2025-10-01T14:14:24+00:00\" \/>\n<meta property=\"og:image\" content=\"https:\/\/amauracomex.com\/wp-content\/uploads\/2025\/04\/tannat.png\" \/>\n\t<meta property=\"og:image:width\" content=\"600\" \/>\n\t<meta property=\"og:image:height\" content=\"848\" \/>\n\t<meta property=\"og:image:type\" content=\"image\/png\" \/>\n<meta name=\"twitter:card\" content=\"summary_large_image\" \/>\n<meta name=\"twitter:label1\" content=\"Est. reading time\" \/>\n\t<meta name=\"twitter:data1\" content=\"1 minute\" \/>\n<script type=\"application\/ld+json\" class=\"yoast-schema-graph\">{\"@context\":\"https:\/\/schema.org\",\"@graph\":[{\"@type\":\"WebPage\",\"@id\":\"https:\/\/amauracomex.com\/producto\/tannat\/\",\"url\":\"https:\/\/amauracomex.com\/producto\/tannat\/\",\"name\":\"Tannat - Amaura\",\"isPartOf\":{\"@id\":\"https:\/\/amauracomex.com\/#website\"},\"primaryImageOfPage\":{\"@id\":\"https:\/\/amauracomex.com\/producto\/tannat\/#primaryimage\"},\"image\":{\"@id\":\"https:\/\/amauracomex.com\/producto\/tannat\/#primaryimage\"},\"thumbnailUrl\":\"https:\/\/amauracomex.com\/wp-content\/uploads\/2025\/04\/tannat.png\",\"datePublished\":\"2025-04-23T03:17:48+00:00\",\"dateModified\":\"2025-10-01T14:14:24+00:00\",\"breadcrumb\":{\"@id\":\"https:\/\/amauracomex.com\/producto\/tannat\/#breadcrumb\"},\"inLanguage\":\"en-US\",\"potentialAction\":[{\"@type\":\"ReadAction\",\"target\":[\"https:\/\/amauracomex.com\/producto\/tannat\/\"]}]},{\"@type\":\"ImageObject\",\"inLanguage\":\"en-US\",\"@id\":\"https:\/\/amauracomex.com\/producto\/tannat\/#primaryimage\",\"url\":\"https:\/\/amauracomex.com\/wp-content\/uploads\/2025\/04\/tannat.png\",\"contentUrl\":\"https:\/\/amauracomex.com\/wp-content\/uploads\/2025\/04\/tannat.png\",\"width\":600,\"height\":848},{\"@type\":\"BreadcrumbList\",\"@id\":\"https:\/\/amauracomex.com\/producto\/tannat\/#breadcrumb\",\"itemListElement\":[{\"@type\":\"ListItem\",\"position\":1,\"name\":\"Inicio\",\"item\":\"https:\/\/amauracomex.com\/\"},{\"@type\":\"ListItem\",\"position\":2,\"name\":\"Tienda\",\"item\":\"https:\/\/amauracomex.com\/tienda\/\"},{\"@type\":\"ListItem\",\"position\":3,\"name\":\"Tannat\"}]},{\"@type\":\"WebSite\",\"@id\":\"https:\/\/amauracomex.com\/#website\",\"url\":\"https:\/\/amauracomex.com\/\",\"name\":\"Amaura\",\"description\":\"Vinos de exportaci\u00f3n\",\"publisher\":{\"@id\":\"https:\/\/amauracomex.com\/#organization\"},\"potentialAction\":[{\"@type\":\"SearchAction\",\"target\":{\"@type\":\"EntryPoint\",\"urlTemplate\":\"https:\/\/amauracomex.com\/?s={search_term_string}\"},\"query-input\":{\"@type\":\"PropertyValueSpecification\",\"valueRequired\":true,\"valueName\":\"search_term_string\"}}],\"inLanguage\":\"en-US\"},{\"@type\":\"Organization\",\"@id\":\"https:\/\/amauracomex.com\/#organization\",\"name\":\"Amaura\",\"url\":\"https:\/\/amauracomex.com\/\",\"logo\":{\"@type\":\"ImageObject\",\"inLanguage\":\"en-US\",\"@id\":\"https:\/\/amauracomex.com\/#\/schema\/logo\/image\/\",\"url\":\"https:\/\/amauracomex.com\/wp-content\/uploads\/2025\/02\/cropped-Copia-de-1.png\",\"contentUrl\":\"https:\/\/amauracomex.com\/wp-content\/uploads\/2025\/02\/cropped-Copia-de-1.png\",\"width\":1079,\"height\":687,\"caption\":\"Amaura\"},\"image\":{\"@id\":\"https:\/\/amauracomex.com\/#\/schema\/logo\/image\/\"},\"sameAs\":[\"https:\/\/www.instagram.com\/amauracomex\"]}]}<\/script>\n<!-- \/ Yoast SEO plugin. -->","yoast_head_json":{"title":"Tannat - Amaura","robots":{"index":"index","follow":"follow","max-snippet":"max-snippet:-1","max-image-preview":"max-image-preview:large","max-video-preview":"max-video-preview:-1"},"canonical":"https:\/\/amauracomex.com\/en\/product\/tannat\/","og_locale":"en_US","og_type":"article","og_title":"Tannat - Amaura","og_description":"Tannat org\u00e1nico de vi\u00f1edos centenarios en Luj\u00e1n de Cuyo, estructurado, especiado y complejo.","og_url":"https:\/\/amauracomex.com\/en\/product\/tannat\/","og_site_name":"Amaura","article_modified_time":"2025-10-01T14:14:24+00:00","og_image":[{"width":600,"height":848,"url":"https:\/\/amauracomex.com\/wp-content\/uploads\/2025\/04\/tannat.png","type":"image\/png"}],"twitter_card":"summary_large_image","twitter_misc":{"Est. reading time":"1 minute"},"schema":{"@context":"https:\/\/schema.org","@graph":[{"@type":"WebPage","@id":"https:\/\/amauracomex.com\/producto\/tannat\/","url":"https:\/\/amauracomex.com\/producto\/tannat\/","name":"Tannat - Amaura","isPartOf":{"@id":"https:\/\/amauracomex.com\/#website"},"primaryImageOfPage":{"@id":"https:\/\/amauracomex.com\/producto\/tannat\/#primaryimage"},"image":{"@id":"https:\/\/amauracomex.com\/producto\/tannat\/#primaryimage"},"thumbnailUrl":"https:\/\/amauracomex.com\/wp-content\/uploads\/2025\/04\/tannat.png","datePublished":"2025-04-23T03:17:48+00:00","dateModified":"2025-10-01T14:14:24+00:00","breadcrumb":{"@id":"https:\/\/amauracomex.com\/producto\/tannat\/#breadcrumb"},"inLanguage":"en-US","potentialAction":[{"@type":"ReadAction","target":["https:\/\/amauracomex.com\/producto\/tannat\/"]}]},{"@type":"ImageObject","inLanguage":"en-US","@id":"https:\/\/amauracomex.com\/producto\/tannat\/#primaryimage","url":"https:\/\/amauracomex.com\/wp-content\/uploads\/2025\/04\/tannat.png","contentUrl":"https:\/\/amauracomex.com\/wp-content\/uploads\/2025\/04\/tannat.png","width":600,"height":848},{"@type":"BreadcrumbList","@id":"https:\/\/amauracomex.com\/producto\/tannat\/#breadcrumb","itemListElement":[{"@type":"ListItem","position":1,"name":"Inicio","item":"https:\/\/amauracomex.com\/"},{"@type":"ListItem","position":2,"name":"Tienda","item":"https:\/\/amauracomex.com\/tienda\/"},{"@type":"ListItem","position":3,"name":"Tannat"}]},{"@type":"WebSite","@id":"https:\/\/amauracomex.com\/#website","url":"https:\/\/amauracomex.com\/","name":"Amaura","description":"Vinos de exportaci\u00f3n","publisher":{"@id":"https:\/\/amauracomex.com\/#organization"},"potentialAction":[{"@type":"SearchAction","target":{"@type":"EntryPoint","urlTemplate":"https:\/\/amauracomex.com\/?s={search_term_string}"},"query-input":{"@type":"PropertyValueSpecification","valueRequired":true,"valueName":"search_term_string"}}],"inLanguage":"en-US"},{"@type":"Organization","@id":"https:\/\/amauracomex.com\/#organization","name":"Amaura","url":"https:\/\/amauracomex.com\/","logo":{"@type":"ImageObject","inLanguage":"en-US","@id":"https:\/\/amauracomex.com\/#\/schema\/logo\/image\/","url":"https:\/\/amauracomex.com\/wp-content\/uploads\/2025\/02\/cropped-Copia-de-1.png","contentUrl":"https:\/\/amauracomex.com\/wp-content\/uploads\/2025\/02\/cropped-Copia-de-1.png","width":1079,"height":687,"caption":"Amaura"},"image":{"@id":"https:\/\/amauracomex.com\/#\/schema\/logo\/image\/"},"sameAs":["https:\/\/www.instagram.com\/amauracomex"]}]}},"_links":{"self":[{"href":"https:\/\/amauracomex.com\/en\/wp-json\/wp\/v2\/product\/596","targetHints":{"allow":["GET"]}}],"collection":[{"href":"https:\/\/amauracomex.com\/en\/wp-json\/wp\/v2\/product"}],"about":[{"href":"https:\/\/amauracomex.com\/en\/wp-json\/wp\/v2\/types\/product"}],"replies":[{"embeddable":true,"href":"https:\/\/amauracomex.com\/en\/wp-json\/wp\/v2\/comments?post=596"}],"wp:featuredmedia":[{"embeddable":true,"href":"https:\/\/amauracomex.com\/en\/wp-json\/wp\/v2\/media\/320"}],"wp:attachment":[{"href":"https:\/\/amauracomex.com\/en\/wp-json\/wp\/v2\/media?parent=596"}],"wp:term":[{"taxonomy":"product_brand","embeddable":true,"href":"https:\/\/amauracomex.com\/en\/wp-json\/wp\/v2\/product_brand?post=596"},{"taxonomy":"product_cat","embeddable":true,"href":"https:\/\/amauracomex.com\/en\/wp-json\/wp\/v2\/product_cat?post=596"},{"taxonomy":"product_tag","embeddable":true,"href":"https:\/\/amauracomex.com\/en\/wp-json\/wp\/v2\/product_tag?post=596"},{"taxonomy":"categorias-de-vinos","embeddable":true,"href":"https:\/\/amauracomex.com\/en\/wp-json\/wp\/v2\/categorias-de-vinos?post=596"}],"curies":[{"name":"wp","href":"https:\/\/api.w.org\/{rel}","templated":true}]}}