{"id":594,"date":"2025-04-23T03:15:58","date_gmt":"2025-04-23T03:15:58","guid":{"rendered":"https:\/\/amauracomex.com\/?post_type=product&#038;p=594"},"modified":"2025-10-01T14:45:16","modified_gmt":"2025-10-01T14:45:16","slug":"malbeck","status":"publish","type":"product","link":"https:\/\/amauracomex.com\/en\/product\/malbeck\/","title":{"rendered":"Malbec"},"content":{"rendered":"<p><span class=\"relative -mx-px my-[-0.2rem] rounded px-px py-[0.2rem] transition-colors duration-100 ease-in-out\">El <strong data-start=\"3\" data-end=\"29\">Malbec Vinum Creatoris<\/strong> proviene del vi\u00f1edo m\u00e1s antiguo de Luj\u00e1n de Cuyo (plantado en 1885), trabajado bajo pr\u00e1cticas org\u00e1nicas y gestionado por el viticultor Ramiro Vittori. Se produce con uvas Malbec \u00fanicas, y tras una prolongada crianza y estiba, refleja un estilo cl\u00e1sico del viejo mundo, potente y elegante<\/span><\/p>","protected":false},"excerpt":{"rendered":"<p data-start=\"176\" data-end=\"213\"><span class=\"relative -mx-px my-[-0.2rem] rounded px-px py-[0.2rem] transition-colors duration-100 ease-in-out\">Malbec centenario, org\u00e1nico, potente y fresco, con aromas terrosos y hecha para gozarse en boca.<\/span><\/p>","protected":false},"featured_media":319,"comment_status":"open","ping_status":"closed","template":"","meta":{"_joinchat":[]},"product_brand":[],"product_cat":[40],"product_tag":[],"categorias-de-vinos":[20,21],"class_list":{"0":"post-594","1":"product","2":"type-product","3":"status-publish","4":"has-post-thumbnail","6":"product_cat-veteris-conventus","7":"categorias-de-vinos-malbec","8":"categorias-de-vinos-veteris-conventus","10":"first","11":"instock","12":"taxable","13":"shipping-taxable","14":"purchasable","15":"product-type-variable"},"yoast_head":"<!-- This site is optimized with the Yoast SEO plugin v25.6 - https:\/\/yoast.com\/wordpress\/plugins\/seo\/ -->\n<title>Malbec - Amaura<\/title>\n<meta name=\"robots\" content=\"index, follow, max-snippet:-1, max-image-preview:large, max-video-preview:-1\" \/>\n<link rel=\"canonical\" href=\"https:\/\/amauracomex.com\/en\/product\/malbeck\/\" \/>\n<meta property=\"og:locale\" content=\"en_US\" \/>\n<meta property=\"og:type\" content=\"article\" \/>\n<meta property=\"og:title\" content=\"Malbec - Amaura\" \/>\n<meta property=\"og:description\" content=\"Malbec centenario, org\u00e1nico, potente y fresco, con aromas terrosos y hecha para gozarse en boca.\" \/>\n<meta property=\"og:url\" content=\"https:\/\/amauracomex.com\/en\/product\/malbeck\/\" \/>\n<meta property=\"og:site_name\" content=\"Amaura\" \/>\n<meta property=\"article:modified_time\" content=\"2025-10-01T14:45:16+00:00\" \/>\n<meta property=\"og:image\" content=\"https:\/\/amauracomex.com\/wp-content\/uploads\/2025\/04\/malbeck.png\" \/>\n\t<meta property=\"og:image:width\" content=\"600\" \/>\n\t<meta property=\"og:image:height\" content=\"848\" \/>\n\t<meta property=\"og:image:type\" content=\"image\/png\" \/>\n<meta name=\"twitter:card\" content=\"summary_large_image\" \/>\n<meta name=\"twitter:label1\" content=\"Est. reading time\" \/>\n\t<meta name=\"twitter:data1\" content=\"1 minute\" \/>\n<script type=\"application\/ld+json\" class=\"yoast-schema-graph\">{\"@context\":\"https:\/\/schema.org\",\"@graph\":[{\"@type\":\"WebPage\",\"@id\":\"https:\/\/amauracomex.com\/producto\/malbeck\/\",\"url\":\"https:\/\/amauracomex.com\/producto\/malbeck\/\",\"name\":\"Malbec - Amaura\",\"isPartOf\":{\"@id\":\"https:\/\/amauracomex.com\/#website\"},\"primaryImageOfPage\":{\"@id\":\"https:\/\/amauracomex.com\/producto\/malbeck\/#primaryimage\"},\"image\":{\"@id\":\"https:\/\/amauracomex.com\/producto\/malbeck\/#primaryimage\"},\"thumbnailUrl\":\"https:\/\/amauracomex.com\/wp-content\/uploads\/2025\/04\/malbeck.png\",\"datePublished\":\"2025-04-23T03:15:58+00:00\",\"dateModified\":\"2025-10-01T14:45:16+00:00\",\"breadcrumb\":{\"@id\":\"https:\/\/amauracomex.com\/producto\/malbeck\/#breadcrumb\"},\"inLanguage\":\"en-US\",\"potentialAction\":[{\"@type\":\"ReadAction\",\"target\":[\"https:\/\/amauracomex.com\/producto\/malbeck\/\"]}]},{\"@type\":\"ImageObject\",\"inLanguage\":\"en-US\",\"@id\":\"https:\/\/amauracomex.com\/producto\/malbeck\/#primaryimage\",\"url\":\"https:\/\/amauracomex.com\/wp-content\/uploads\/2025\/04\/malbeck.png\",\"contentUrl\":\"https:\/\/amauracomex.com\/wp-content\/uploads\/2025\/04\/malbeck.png\",\"width\":600,\"height\":848},{\"@type\":\"BreadcrumbList\",\"@id\":\"https:\/\/amauracomex.com\/producto\/malbeck\/#breadcrumb\",\"itemListElement\":[{\"@type\":\"ListItem\",\"position\":1,\"name\":\"Inicio\",\"item\":\"https:\/\/amauracomex.com\/\"},{\"@type\":\"ListItem\",\"position\":2,\"name\":\"Tienda\",\"item\":\"https:\/\/amauracomex.com\/tienda\/\"},{\"@type\":\"ListItem\",\"position\":3,\"name\":\"Malbec\"}]},{\"@type\":\"WebSite\",\"@id\":\"https:\/\/amauracomex.com\/#website\",\"url\":\"https:\/\/amauracomex.com\/\",\"name\":\"Amaura\",\"description\":\"Vinos de exportaci\u00f3n\",\"publisher\":{\"@id\":\"https:\/\/amauracomex.com\/#organization\"},\"potentialAction\":[{\"@type\":\"SearchAction\",\"target\":{\"@type\":\"EntryPoint\",\"urlTemplate\":\"https:\/\/amauracomex.com\/?s={search_term_string}\"},\"query-input\":{\"@type\":\"PropertyValueSpecification\",\"valueRequired\":true,\"valueName\":\"search_term_string\"}}],\"inLanguage\":\"en-US\"},{\"@type\":\"Organization\",\"@id\":\"https:\/\/amauracomex.com\/#organization\",\"name\":\"Amaura\",\"url\":\"https:\/\/amauracomex.com\/\",\"logo\":{\"@type\":\"ImageObject\",\"inLanguage\":\"en-US\",\"@id\":\"https:\/\/amauracomex.com\/#\/schema\/logo\/image\/\",\"url\":\"https:\/\/amauracomex.com\/wp-content\/uploads\/2025\/02\/cropped-Copia-de-1.png\",\"contentUrl\":\"https:\/\/amauracomex.com\/wp-content\/uploads\/2025\/02\/cropped-Copia-de-1.png\",\"width\":1079,\"height\":687,\"caption\":\"Amaura\"},\"image\":{\"@id\":\"https:\/\/amauracomex.com\/#\/schema\/logo\/image\/\"},\"sameAs\":[\"https:\/\/www.instagram.com\/amauracomex\"]}]}<\/script>\n<!-- \/ Yoast SEO plugin. -->","yoast_head_json":{"title":"Malbec - Amaura","robots":{"index":"index","follow":"follow","max-snippet":"max-snippet:-1","max-image-preview":"max-image-preview:large","max-video-preview":"max-video-preview:-1"},"canonical":"https:\/\/amauracomex.com\/en\/product\/malbeck\/","og_locale":"en_US","og_type":"article","og_title":"Malbec - Amaura","og_description":"Malbec centenario, org\u00e1nico, potente y fresco, con aromas terrosos y hecha para gozarse en boca.","og_url":"https:\/\/amauracomex.com\/en\/product\/malbeck\/","og_site_name":"Amaura","article_modified_time":"2025-10-01T14:45:16+00:00","og_image":[{"width":600,"height":848,"url":"https:\/\/amauracomex.com\/wp-content\/uploads\/2025\/04\/malbeck.png","type":"image\/png"}],"twitter_card":"summary_large_image","twitter_misc":{"Est. reading time":"1 minute"},"schema":{"@context":"https:\/\/schema.org","@graph":[{"@type":"WebPage","@id":"https:\/\/amauracomex.com\/producto\/malbeck\/","url":"https:\/\/amauracomex.com\/producto\/malbeck\/","name":"Malbec - Amaura","isPartOf":{"@id":"https:\/\/amauracomex.com\/#website"},"primaryImageOfPage":{"@id":"https:\/\/amauracomex.com\/producto\/malbeck\/#primaryimage"},"image":{"@id":"https:\/\/amauracomex.com\/producto\/malbeck\/#primaryimage"},"thumbnailUrl":"https:\/\/amauracomex.com\/wp-content\/uploads\/2025\/04\/malbeck.png","datePublished":"2025-04-23T03:15:58+00:00","dateModified":"2025-10-01T14:45:16+00:00","breadcrumb":{"@id":"https:\/\/amauracomex.com\/producto\/malbeck\/#breadcrumb"},"inLanguage":"en-US","potentialAction":[{"@type":"ReadAction","target":["https:\/\/amauracomex.com\/producto\/malbeck\/"]}]},{"@type":"ImageObject","inLanguage":"en-US","@id":"https:\/\/amauracomex.com\/producto\/malbeck\/#primaryimage","url":"https:\/\/amauracomex.com\/wp-content\/uploads\/2025\/04\/malbeck.png","contentUrl":"https:\/\/amauracomex.com\/wp-content\/uploads\/2025\/04\/malbeck.png","width":600,"height":848},{"@type":"BreadcrumbList","@id":"https:\/\/amauracomex.com\/producto\/malbeck\/#breadcrumb","itemListElement":[{"@type":"ListItem","position":1,"name":"Inicio","item":"https:\/\/amauracomex.com\/"},{"@type":"ListItem","position":2,"name":"Tienda","item":"https:\/\/amauracomex.com\/tienda\/"},{"@type":"ListItem","position":3,"name":"Malbec"}]},{"@type":"WebSite","@id":"https:\/\/amauracomex.com\/#website","url":"https:\/\/amauracomex.com\/","name":"Amaura","description":"Vinos de exportaci\u00f3n","publisher":{"@id":"https:\/\/amauracomex.com\/#organization"},"potentialAction":[{"@type":"SearchAction","target":{"@type":"EntryPoint","urlTemplate":"https:\/\/amauracomex.com\/?s={search_term_string}"},"query-input":{"@type":"PropertyValueSpecification","valueRequired":true,"valueName":"search_term_string"}}],"inLanguage":"en-US"},{"@type":"Organization","@id":"https:\/\/amauracomex.com\/#organization","name":"Amaura","url":"https:\/\/amauracomex.com\/","logo":{"@type":"ImageObject","inLanguage":"en-US","@id":"https:\/\/amauracomex.com\/#\/schema\/logo\/image\/","url":"https:\/\/amauracomex.com\/wp-content\/uploads\/2025\/02\/cropped-Copia-de-1.png","contentUrl":"https:\/\/amauracomex.com\/wp-content\/uploads\/2025\/02\/cropped-Copia-de-1.png","width":1079,"height":687,"caption":"Amaura"},"image":{"@id":"https:\/\/amauracomex.com\/#\/schema\/logo\/image\/"},"sameAs":["https:\/\/www.instagram.com\/amauracomex"]}]}},"_links":{"self":[{"href":"https:\/\/amauracomex.com\/en\/wp-json\/wp\/v2\/product\/594","targetHints":{"allow":["GET"]}}],"collection":[{"href":"https:\/\/amauracomex.com\/en\/wp-json\/wp\/v2\/product"}],"about":[{"href":"https:\/\/amauracomex.com\/en\/wp-json\/wp\/v2\/types\/product"}],"replies":[{"embeddable":true,"href":"https:\/\/amauracomex.com\/en\/wp-json\/wp\/v2\/comments?post=594"}],"wp:featuredmedia":[{"embeddable":true,"href":"https:\/\/amauracomex.com\/en\/wp-json\/wp\/v2\/media\/319"}],"wp:attachment":[{"href":"https:\/\/amauracomex.com\/en\/wp-json\/wp\/v2\/media?parent=594"}],"wp:term":[{"taxonomy":"product_brand","embeddable":true,"href":"https:\/\/amauracomex.com\/en\/wp-json\/wp\/v2\/product_brand?post=594"},{"taxonomy":"product_cat","embeddable":true,"href":"https:\/\/amauracomex.com\/en\/wp-json\/wp\/v2\/product_cat?post=594"},{"taxonomy":"product_tag","embeddable":true,"href":"https:\/\/amauracomex.com\/en\/wp-json\/wp\/v2\/product_tag?post=594"},{"taxonomy":"categorias-de-vinos","embeddable":true,"href":"https:\/\/amauracomex.com\/en\/wp-json\/wp\/v2\/categorias-de-vinos?post=594"}],"curies":[{"name":"wp","href":"https:\/\/api.w.org\/{rel}","templated":true}]}}